{"id":1043,"date":"2025-08-18T10:38:55","date_gmt":"2025-08-18T08:38:55","guid":{"rendered":"https:\/\/bthubertus.com\/?page_id=1043"},"modified":"2025-08-19T16:49:28","modified_gmt":"2025-08-19T14:49:28","slug":"ubezpieczenie","status":"publish","type":"page","link":"https:\/\/bthubertus.com\/index.php\/ubezpieczenie\/","title":{"rendered":"Ubezpieczenie"},"content":{"rendered":"\n<div style=\"\n  position: relative;\n  width: 100%;\n  height: 200px;\n  background-image: url('https:\/\/ideologia.pl\/wp-content\/uploads\/2017\/03\/prywatne-ubezpieczenia.jpg');\n  background-size: cover;\n  background-position: center;\n  display: flex;\n  justify-content: center;\n  align-items: center;\n  font-family: 'Segoe UI', Tahoma, Geneva, Verdana, sans-serif;\n  user-select: none;\n  overflow: hidden;\n\">\n  <!-- Warstwa zaciemnienia -->\n  <div style=\"\n    position: absolute;\n    top: 0; left: 0; right: 0; bottom: 0;\n    background-color: rgba(0,0,0,0.55);\n    z-index: 1;\n  \"><\/div>\n\n  <!-- Napis -->\n  <div style=\"\n    position: relative;\n    color: #ffffff;\n    font-size: 52px;\n    font-weight: 900;\n    text-shadow: 3px 3px 10px rgba(0,0,0,0.85);\n    letter-spacing: 6px;\n    z-index: 2;\n    text-transform: uppercase;\n  \">\n    UBEZPIECZENIA\n  <\/div>\n<\/div>\n\n\n\n<div class=\"wp-block-columns is-layout-flex wp-container-core-columns-is-layout-9d6595d7 wp-block-columns-is-layout-flex\">\n<div class=\"wp-block-column is-layout-flow wp-block-column-is-layout-flow\"><style>.kadence-column1043_633f59-1b > .kt-inside-inner-col,.kadence-column1043_633f59-1b > .kt-inside-inner-col:before{border-top-left-radius:0px;border-top-right-radius:0px;border-bottom-right-radius:0px;border-bottom-left-radius:0px;}.kadence-column1043_633f59-1b > .kt-inside-inner-col{column-gap:var(--global-kb-gap-sm, 1rem);}.kadence-column1043_633f59-1b > .kt-inside-inner-col{flex-direction:column;}.kadence-column1043_633f59-1b > .kt-inside-inner-col > .aligncenter{width:100%;}.kadence-column1043_633f59-1b > .kt-inside-inner-col:before{opacity:0.3;}.kadence-column1043_633f59-1b{position:relative;}@media all and (max-width: 1024px){.kadence-column1043_633f59-1b > .kt-inside-inner-col{flex-direction:column;justify-content:center;}}@media all and (max-width: 767px){.kadence-column1043_633f59-1b > .kt-inside-inner-col{flex-direction:column;justify-content:center;}}<\/style>\n<div class=\"wp-block-kadence-column kadence-column1043_633f59-1b\"><div class=\"kt-inside-inner-col\"><\/div><\/div>\n\n\n<style>.wp-block-kadence-spacer.kt-block-spacer-1043_621fcf-1e .kt-block-spacer{height:60px;}.wp-block-kadence-spacer.kt-block-spacer-1043_621fcf-1e .kt-divider{border-top-width:1px;height:1px;border-top-color:#eee;width:80%;border-top-style:solid;}<\/style>\n<div class=\"wp-block-kadence-spacer aligncenter kt-block-spacer-1043_621fcf-1e\"><div class=\"kt-block-spacer kt-block-spacer-halign-center\"><hr class=\"kt-divider\"\/><\/div><\/div>\n\n\n\n<div class=\"wp-block-columns is-layout-flex wp-container-core-columns-is-layout-9d6595d7 wp-block-columns-is-layout-flex\">\n<div class=\"wp-block-column is-layout-flow wp-block-column-is-layout-flow\">\n<div style=\"\n  flex: 1; \n  min-width: 300px; \n  padding: 30px; \n  line-height: 1.8; \n  font-size: 17px; \n  color: #222; \n  font-family: 'Segoe UI', Tahoma, Geneva, Verdana, sans-serif;\n\">\n\n  <p style=\"font-size: 19px; margin-bottom: 20px;\">\n    Podr\u00f3\u017cowanie to przyjemno\u015b\u0107, ale tak\u017ce odpowiedzialno\u015b\u0107. Dlatego w naszym biurze znajdziesz \n    <strong>kompleksow\u0105 ofert\u0119 ubezpiecze\u0144<\/strong>, kt\u00f3re zapewni\u0105 Ci spok\u00f3j i bezpiecze\u0144stwo \u2013 zar\u00f3wno w czasie \n    wycieczek krajowych, jak i zagranicznych.\n  <\/p>\n\n  <h3 style=\"color: #0E500B; margin: 25px 0 15px; font-size: 21px;\">Oferujemy m.in.:<\/h3>\n  <ul style=\"list-style: none; padding-left: 0; margin: 0;\">\n    <li style=\"margin-bottom: 10px;\">\ud83e\uddf3 <strong>ubezpieczenia turystyczne<\/strong> ( NNW, KL, baga\u017c)<\/li>\n    <li style=\"margin-bottom: 10px;\">\ud83d\ude8c <strong>ubezpieczenia dla grup zorganizowanych i szk\u00f3\u0142<\/strong><\/li>\n    <li style=\"margin-bottom: 10px;\">\ud83c\udfe1 <strong>ubezpieczenia maj\u0105tkowe i komunikacyjne<\/strong><\/li>\n    <li style=\"margin-bottom: 10px;\">\u2764\ufe0f <strong>ubezpieczenia na \u017cycie i zdrowotne<\/strong><\/li>\n  <\/ul>\n\n  <p style=\"margin-top: 25px; font-size: 18px;\">\n    Dzi\u0119ki wsp\u00f3\u0142pracy ze <strong>sprawdzonymi towarzystwami ubezpieczeniowymi<\/strong> \n    dobierzemy polis\u0119 dopasowan\u0105 do Twoich potrzeb i bud\u017cetu.\n  <\/p>\n<\/div>\n<\/div>\n\n\n\n<div class=\"wp-block-column is-layout-flow wp-block-column-is-layout-flow\">\n<!-- Prawa kolumna \u2013 kontakt na tle zdj\u0119cia -->\n  <div style=\"\n    flex: 1; \n    background-image: url('https:\/\/expressbank.pl\/upload\/pliki\/zdjecia-zakupione\/UBEZPIECZENIE_NA_%C5%BBYCIE.jpg');\n    background-size: cover;\n    background-position: center;\n    display: flex;\n    justify-content: flex-start;\n    align-items: center;\n    padding: 80px;\n    color: black;\n  \">\n    <div style=\"background-color: rgba(255,255,255,0.7); padding: 30px; border-radius: 10px;\">\n      <h2 style=\"font-size: 32px; margin-bottom: 20px;\">Kontakt<\/h2>\n      <p style=\"font-size: 20px; margin-bottom: 10px;\">Multiagencja Ubezpieczeniowa<\/p>\n      <p style=\"font-size: 20px; margin-bottom: 10px;\">Anta Zawistowska-Mi\u0142ek: 506 042 724<\/p>\n      <p style=\"font-size: 20px;\">Liliana Krzyna: 502 490 491<\/p>\n    <\/div>\n  <\/div>\n\n<\/div>\n<\/div>\n<\/div>\n<\/div>\n<\/div>\n\n\n<style>.wp-block-kadence-spacer.kt-block-spacer-1043_a33b17-5e .kt-block-spacer{height:60px;}.wp-block-kadence-spacer.kt-block-spacer-1043_a33b17-5e .kt-divider{border-top-width:1px;height:1px;border-top-color:#eee;width:80%;border-top-style:solid;}<\/style>\n<div class=\"wp-block-kadence-spacer aligncenter kt-block-spacer-1043_a33b17-5e\"><div class=\"kt-block-spacer kt-block-spacer-halign-center\"><hr class=\"kt-divider\"\/><\/div><\/div>\n\n\n\n<p><\/p>\n","protected":false},"excerpt":{"rendered":"<p>UBEZPIECZENIA Podr\u00f3\u017cowanie to przyjemno\u015b\u0107, ale tak\u017ce odpowiedzialno\u015b\u0107. Dlatego w naszym biurze znajdziesz kompleksow\u0105 ofert\u0119 ubezpiecze\u0144, kt\u00f3re zapewni\u0105 Ci spok\u00f3j i bezpiecze\u0144stwo \u2013 zar\u00f3wno w czasie wycieczek krajowych, jak i zagranicznych. Oferujemy m.in.: \ud83e\uddf3 ubezpieczenia turystyczne ( NNW, KL, baga\u017c) \ud83d\ude8c ubezpieczenia dla grup zorganizowanych i szk\u00f3\u0142 \ud83c\udfe1 ubezpieczenia maj\u0105tkowe i komunikacyjne \u2764\ufe0f ubezpieczenia na \u017cycie&#8230;<\/p>\n","protected":false},"author":123463,"featured_media":0,"parent":0,"menu_order":0,"comment_status":"closed","ping_status":"closed","template":"","meta":{"_kad_post_transparent":"","_kad_post_title":"","_kad_post_layout":"","_kad_post_sidebar_id":"","_kad_post_content_style":"","_kad_post_vertical_padding":"","_kad_post_feature":"","_kad_post_feature_position":"","_kad_post_header":false,"_kad_post_footer":false,"footnotes":""},"class_list":["post-1043","page","type-page","status-publish","hentry"],"aioseo_notices":[],"_links":{"self":[{"href":"https:\/\/bthubertus.com\/index.php\/wp-json\/wp\/v2\/pages\/1043","targetHints":{"allow":["GET"]}}],"collection":[{"href":"https:\/\/bthubertus.com\/index.php\/wp-json\/wp\/v2\/pages"}],"about":[{"href":"https:\/\/bthubertus.com\/index.php\/wp-json\/wp\/v2\/types\/page"}],"author":[{"embeddable":true,"href":"https:\/\/bthubertus.com\/index.php\/wp-json\/wp\/v2\/users\/123463"}],"replies":[{"embeddable":true,"href":"https:\/\/bthubertus.com\/index.php\/wp-json\/wp\/v2\/comments?post=1043"}],"version-history":[{"count":5,"href":"https:\/\/bthubertus.com\/index.php\/wp-json\/wp\/v2\/pages\/1043\/revisions"}],"predecessor-version":[{"id":1073,"href":"https:\/\/bthubertus.com\/index.php\/wp-json\/wp\/v2\/pages\/1043\/revisions\/1073"}],"wp:attachment":[{"href":"https:\/\/bthubertus.com\/index.php\/wp-json\/wp\/v2\/media?parent=1043"}],"curies":[{"name":"wp","href":"https:\/\/api.w.org\/{rel}","templated":true}]}}