{"id":1382,"date":"2026-04-15T20:43:59","date_gmt":"2026-04-15T18:43:59","guid":{"rendered":"https:\/\/bthubertus.com\/?page_id=1382"},"modified":"2026-04-16T18:30:20","modified_gmt":"2026-04-16T16:30:20","slug":"wycieczki-2","status":"publish","type":"page","link":"https:\/\/bthubertus.com\/index.php\/wycieczki-2\/","title":{"rendered":"wycieczki"},"content":{"rendered":"\n<div class=\"karta\">\n<style>\n.karta {\n  display: grid;\n  grid-template-columns: repeat(3, 1fr);\n  gap: 25px;\n  padding: 20px 0;\n}\n\n.karta div {\n  border-radius:12px;\n  overflow:hidden;\n  box-shadow:0 6px 18px rgba(0,0,0,0.1);\n  background:#fff;\n  transition: 0.3s;\n}\n\n.karta div:hover {\n  transform: translateY(-8px);\n  box-shadow: 0 10px 25px rgba(0,0,0,0.2);\n}\n\n.karta a {\n  display:block;\n  text-align:center;\n  margin-top:10px;\n  padding:10px;\n  background:#2e7d32;\n  color:#fff;\n  text-decoration:none;\n  border-radius:6px;\n  transition:0.3s;\n}\n\n.karta a:hover {\n  background-color:#1b5e20;\n}\n\n\/* \ud83d\udcf1 TELEFON *\/\n@media (max-width: 768px) {\n  .karta {\n    grid-template-columns: 1fr;\n  }\n}\n<\/style>\n\n<!-- KARTA 1 -->\n<div>\n  <img decoding=\"async\" src=\"https:\/\/bthubertus.com\/wp-content\/uploads\/2026\/04\/taWVyei1kb2xueS1uYWQtd2lzbGEuanBnIiwidyI6MTQwMH0-300x185.webp\" style=\"width:100%; height:200px; object-fit:cover;\">\n  <div style=\"padding:15px;\">\n    <h3>Kazimierz Dolny i Pu\u0142awy<\/h3>\n    <p style=\"font-size:18px; font-weight:600;\">\ud83d\udcc5 26 kwietnia 2026<\/p>\n    <p style=\"font-size:26px; font-weight:bold; color:#2e7d32;\">\ud83d\udcb0 89\/99 z\u0142<\/p>\n    <a href=\"https:\/\/bthubertus.com\/index.php\/2026\/04\/15\/kazimierz-dolny\/\">Zobacz szczeg\u00f3\u0142y<\/a>\n  <\/div>\n<\/div>\n\n<!-- KARTA 2 -->\n<div>\n  <img decoding=\"async\" src=\"https:\/\/bthubertus.com\/wp-content\/uploads\/2026\/04\/AZ2SNZp57tDZXwCsY3KvYA-AZ2SNZp5TCcIe_gOOYLOyw-300x300.jpg\" style=\"width:100%; height:200px; object-fit:cover;\">\n  <div style=\"padding:15px;\">\n    <h3>G\u00f3ry \u015awi\u0119tokrzyskie<\/h3>\n    <p style=\"font-size:18px; font-weight:600;\">\ud83d\udcc5 24 maja 2026<\/p>\n    <p style=\"font-size:26px; font-weight:bold; color:#2e7d32;\">\ud83d\udcb0 89\/99 z\u0142<\/p>\n    <a href=\"https:\/\/bthubertus.com\/index.php\/2026\/02\/02\/24-maja-gory-swietokrzyskie\/\">Zobacz szczeg\u00f3\u0142y<\/a>\n  <\/div>\n<\/div>\n\n<!-- KARTA 3 -->\n<div>\n  <img decoding=\"async\" src=\"https:\/\/bthubertus.com\/wp-content\/uploads\/2026\/04\/AZ2SOL7LQ60ayMdk_6em2A-AZ2SOL7LMbXLA72IXacccg-300x162.jpg\" style=\"width:100%; height:200px; object-fit:cover;\">\n  <div style=\"padding:15px;\">\n    <h3>Roztocze<\/h3>\n    <p style=\"font-size:18px; font-weight:600;\">\ud83d\udcc5 21 czerwca 2026<\/p>\n    <p style=\"font-size:26px; font-weight:bold; color:#2e7d32;\">\ud83d\udcb0 89\/99 z\u0142<\/p>\n    <a href=\"https:\/\/bthubertus.com\/index.php\/2026\/04\/15\/roztocze\/\">Zobacz szczeg\u00f3\u0142y<\/a>\n  <\/div>\n<\/div>\n\n<!-- KARTA 4 -->\n<div>\n  <img decoding=\"async\" src=\"https:\/\/bthubertus.com\/wp-content\/uploads\/2026\/04\/20241204154747_pexels-photo-2570063.jpeg.jpg-300x200.webp\" style=\"width:100%; height:200px; object-fit:cover;\">\n  <div style=\"padding:15px;\">\n    <h3>Maj\u00f3wka z Hubertusem<\/h3>\n    <p style=\"font-size:18px; font-weight:600;\">\ud83d\udcc5 1-3 maja 2026<\/p>\n    <p style=\"font-size:26px; font-weight:bold; color:#2e7d32;\">\ud83d\udcb0 999 z\u0142<\/p>\n    <a href=\"https:\/\/bthubertus.com\/index.php\/2025\/11\/04\/majowka-z-hubertusem\/\">Zobacz szczeg\u00f3\u0142y<\/a>\n  <\/div>\n<\/div>\n\n<!-- KARTA 5 -->\n<div>\n  <img decoding=\"async\" src=\"https:\/\/bthubertus.com\/wp-content\/uploads\/2026\/04\/pyFk9lBaHR0cHM6Ly9vY2RuLmV1L3B1bHNjbXMvTURBXy8yZjM2M2VlMzBiNmFiZDI3N2QzYmUwMDgzYWVhYWE1Zi5qcGeSlQMBzQE8zRVYzQwCkwXNCWDNBOzeAAKhMAehMQQ-300x158.avif\" style=\"width:100%; height:200px; object-fit:cover;\">\n  <div style=\"padding:15px;\">\n    <h3>Cz\u0119stochowa<\/h3>\n    <p style=\"font-size:18px; font-weight:600;\">\ud83d\udcc5 11-12 lipca 2026<\/p>\n    <p style=\"font-size:26px; font-weight:bold; color:#2e7d32;\">\ud83d\udcb0 699 z\u0142<\/p>\n    <a href=\"https:\/\/bthubertus.com\/index.php\/2026\/04\/15\/czestochowa\/\">Zobacz szczeg\u00f3\u0142y<\/a>\n  <\/div>\n<\/div>\n\n<!-- KARTA 6 -->\n<div>\n  <img decoding=\"async\" src=\"https:\/\/bthubertus.com\/wp-content\/uploads\/2026\/04\/atrakcje-i-zakwaterowanie-podczas-wycieczki-objazdowej-wilno-ryga-tallin-troki-nadbaltyckie-stolice-303835-300x200.webp\" style=\"width:100%; height:200px; object-fit:cover;\">\n  <div style=\"padding:15px;\">\n    <h3>Ryga &#8211; Talin &#8211; Helsinki<\/h3>\n    <p style=\"font-size:18px; font-weight:600;\">\ud83d\udcc5 27-31 lipca 2026<\/p>\n    <p style=\"font-size:26px; font-weight:bold; color:#2e7d32;\">\ud83d\udcb0 2199 z\u0142<\/p>\n    <a href=\"https:\/\/bthubertus.com\/index.php\/2026\/04\/15\/nie-masz-planow-na-lato\/\">Zobacz szczeg\u00f3\u0142y<\/a>\n  <\/div>\n<\/div>\n<!-- KARTA 8 -->\n<div>\n  <img decoding=\"async\" src=\"https:\/\/bthubertus.com\/wp-content\/uploads\/2026\/04\/f7d74578-1613-47cf-a366-4ae71b0b0daa-istock-610131258-300x200.jpg\" style=\"width:100%; height:200px; object-fit:cover;\">\n  <div style=\"padding:15px;\">\n    <h3>Roztocze<\/h3>\n    <p style=\"font-size:18px; font-weight:600;\">\ud83d\udcc5 7-9 sierpnia 2026<\/p>\n    <p style=\"font-size:26px; font-weight:bold; color:#2e7d32;\">\ud83d\udcb0 999 z\u0142<\/p>\n    <a href=\"https:\/\/bthubertus.com\/index.php\/2026\/04\/16\/slask-i-slowacja-7-9-sierpnia-2026\/\">Zobacz szczeg\u00f3\u0142y<\/a>\n  <\/div>\n<\/div>\n<!-- KARTA 7 -->\n<div>\n  <img decoding=\"async\" src=\"https:\/\/bthubertus.com\/wp-content\/uploads\/2026\/04\/stegna-apartamenty-300x169.jpg\" style=\"width:100%; height:200px; object-fit:cover;\">\n  <div style=\"padding:15px;\">\n    <h3>Wczasy Stegna<\/h3>\n    <p style=\"font-size:18px; font-weight:600;\">\ud83d\udcc5 24-28 sierpnia 2026<\/p>\n    <p style=\"font-size:26px; font-weight:bold; color:#2e7d32;\">\ud83d\udcb0 999 z\u0142<\/p>\n    <a href=\"https:\/\/bthubertus.com\/index.php\/2026\/04\/15\/odpoczynek-stegna\/\">Zobacz szczeg\u00f3\u0142y<\/a>\n  <\/div>\n<\/div>\n\n\n\n<\/div>\n\n\n\n<details style=\"margin-top:40px;\">\n  <summary style=\"font-size:20px; font-weight:bold; cursor:pointer;\">\n    Archiwum wycieczek\n  <\/summary>\n\n  <div style=\"margin-top:20px; display:grid; grid-template-columns: repeat(auto-fit, minmax(280px, 1fr)); gap:25px;\">\n    \n    <!-- TU WKLEJASZ STARE WYCIECZKI (KARTY) -->\n\n  <\/div>\n<\/details>\n\n\n\n<p><\/p>\n","protected":false},"excerpt":{"rendered":"<p>Kazimierz Dolny i Pu\u0142awy \ud83d\udcc5 26 kwietnia 2026 \ud83d\udcb0 89\/99 z\u0142 Zobacz szczeg\u00f3\u0142y G\u00f3ry \u015awi\u0119tokrzyskie \ud83d\udcc5 24 maja 2026 \ud83d\udcb0 89\/99 z\u0142 Zobacz szczeg\u00f3\u0142y Roztocze \ud83d\udcc5 21 czerwca 2026 \ud83d\udcb0 89\/99 z\u0142 Zobacz szczeg\u00f3\u0142y Maj\u00f3wka z Hubertusem \ud83d\udcc5 1-3 maja 2026 \ud83d\udcb0 999 z\u0142 Zobacz szczeg\u00f3\u0142y Cz\u0119stochowa \ud83d\udcc5 11-12 lipca 2026 \ud83d\udcb0 699 z\u0142 Zobacz&#8230;<\/p>\n","protected":false},"author":123463,"featured_media":0,"parent":0,"menu_order":0,"comment_status":"closed","ping_status":"closed","template":"","meta":{"_kad_post_transparent":"","_kad_post_title":"","_kad_post_layout":"","_kad_post_sidebar_id":"","_kad_post_content_style":"","_kad_post_vertical_padding":"","_kad_post_feature":"","_kad_post_feature_position":"","_kad_post_header":false,"_kad_post_footer":false,"footnotes":""},"class_list":["post-1382","page","type-page","status-publish","hentry"],"aioseo_notices":[],"_links":{"self":[{"href":"https:\/\/bthubertus.com\/index.php\/wp-json\/wp\/v2\/pages\/1382","targetHints":{"allow":["GET"]}}],"collection":[{"href":"https:\/\/bthubertus.com\/index.php\/wp-json\/wp\/v2\/pages"}],"about":[{"href":"https:\/\/bthubertus.com\/index.php\/wp-json\/wp\/v2\/types\/page"}],"author":[{"embeddable":true,"href":"https:\/\/bthubertus.com\/index.php\/wp-json\/wp\/v2\/users\/123463"}],"replies":[{"embeddable":true,"href":"https:\/\/bthubertus.com\/index.php\/wp-json\/wp\/v2\/comments?post=1382"}],"version-history":[{"count":27,"href":"https:\/\/bthubertus.com\/index.php\/wp-json\/wp\/v2\/pages\/1382\/revisions"}],"predecessor-version":[{"id":1469,"href":"https:\/\/bthubertus.com\/index.php\/wp-json\/wp\/v2\/pages\/1382\/revisions\/1469"}],"wp:attachment":[{"href":"https:\/\/bthubertus.com\/index.php\/wp-json\/wp\/v2\/media?parent=1382"}],"curies":[{"name":"wp","href":"https:\/\/api.w.org\/{rel}","templated":true}]}}