{"id":760,"date":"2025-08-10T12:59:38","date_gmt":"2025-08-10T10:59:38","guid":{"rendered":"https:\/\/bthubertus.com\/?page_id=760"},"modified":"2025-08-10T13:02:18","modified_gmt":"2025-08-10T11:02:18","slug":"wynajem-autokaru","status":"publish","type":"page","link":"https:\/\/bthubertus.com\/index.php\/wynajem-autokaru\/","title":{"rendered":"Wynajem autokaru"},"content":{"rendered":"\n<div class=\"wp-block-group alignfull has-theme-palette-8-background-color has-background is-vertical is-content-justification-center is-layout-flex wp-container-core-group-is-layout-5aec90ef wp-block-group-is-layout-flex\" style=\"padding-top:6vw;padding-right:6vw;padding-bottom:6vw;padding-left:6vw\">\n<div class=\"wp-block-group is-vertical is-layout-flex wp-container-core-group-is-layout-392a56c4 wp-block-group-is-layout-flex\" style=\"padding-right:0;padding-left:0\">\n<p class=\"has-text-color\" style=\"color:#000000;font-size:6.5vw;font-style:normal;font-weight:700;letter-spacing:0px;line-height:0.9;text-decoration:none\">Wynajem autokar\u00f3w, bus\u00f3w<\/p>\n\n\n\n<div style=\"height:0px\" aria-hidden=\"true\" class=\"wp-block-spacer wp-container-content-42577013\"><\/div>\n<\/div>\n\n\n\n<div class=\"wp-block-group alignwide is-vertical is-nowrap is-layout-flex wp-container-core-group-is-layout-8171334d wp-block-group-is-layout-flex\" style=\"padding-top:0;padding-right:0;padding-bottom:0;padding-left:0\">\n<div class=\"wp-block-columns alignwide is-layout-flex wp-container-core-columns-is-layout-2656d967 wp-block-columns-is-layout-flex\">\n<div class=\"wp-block-column is-layout-flow wp-block-column-is-layout-flow\" style=\"flex-basis:33.38%\">\n<p class=\"has-text-align-left .opis-autokaru { font-size: 18px; line-height: 1.6; color: #333; text-align: justify; margin-bottom: 20px; font-family: Arial, sans-serif; has-text-color\" id=\"<p-class=&quot;opis-autokaru&quot;&gt;---Oferujemy-wynajem-komfortowych-autokar\u00f3w-o-pojemno\u015bci-do-70-miejsc,-idealnych-na-wycieczki-szkolne,-wyjazdy-firmowe,-pielgrzymki,-imprezy-okoliczno\u015bciowe-czy-przewozy-turystyczne.-Nasze-pojazdy-s\u0105-nowoczesne,-bezpieczne-i-wyposa\u017cone-w-klimatyzacj\u0119,-wygodne-fotele-oraz-dodatkowe-udogodnienia,-kt\u00f3re-zapewniaj\u0105-komfort-podr\u00f3\u017cy-nawet-na-d\u0142ugich-trasach.-Dbamy-o-terminowo\u015b\u0107-i-najwy\u017csz\u0105-jako\u015b\u0107-obs\u0142ugi,-aby-ka\u017cda-podr\u00f3\u017c-by\u0142a-przyjemna-i-bezproblemowa.-<\/p&gt;\" style=\"border-radius:15px;color:#000000;font-size:22px\">      Oferujemy wynajem komfortowych autokar\u00f3w o pojemno\u015bci <strong>do 70 miejsc<\/strong>, idealnych na wycieczki szkolne, wyjazdy firmowe, pielgrzymki, imprezy okoliczno\u015bciowe czy przewozy turystyczne. Nasze pojazdy s\u0105 nowoczesne, bezpieczne i wyposa\u017cone w klimatyzacj\u0119, wygodne fotele oraz dodatkowe udogodnienia, kt\u00f3re zapewniaj\u0105 komfort podr\u00f3\u017cy nawet na d\u0142ugich trasach. Dbamy o terminowo\u015b\u0107 i najwy\u017csz\u0105 jako\u015b\u0107 obs\u0142ugi, aby ka\u017cda podr\u00f3\u017c by\u0142a przyjemna i bezproblemowa.<\/p>\n<\/div>\n\n\n\n<div class=\"wp-block-column is-layout-flow wp-block-column-is-layout-flow\" style=\"flex-basis:33%\">\n<div style=\"height:2vw\" aria-hidden=\"true\" class=\"wp-block-spacer\"><\/div>\n\n\n\n<figure class=\"wp-block-gallery has-nested-images columns-default is-cropped wp-block-gallery-1 is-layout-flex wp-block-gallery-is-layout-flex\">\n<figure class=\"wp-block-image size-large\"><img loading=\"lazy\" decoding=\"async\" width=\"768\" height=\"1024\" data-id=\"837\" src=\"https:\/\/bthubertus.com\/wp-content\/uploads\/2025\/08\/photo_2025-08-09_21-54-44-4-768x1024.jpg\" alt=\"\" class=\"wp-image-837\" srcset=\"https:\/\/bthubertus.com\/wp-content\/uploads\/2025\/08\/photo_2025-08-09_21-54-44-4-768x1024.jpg 768w, https:\/\/bthubertus.com\/wp-content\/uploads\/2025\/08\/photo_2025-08-09_21-54-44-4-225x300.jpg 225w, https:\/\/bthubertus.com\/wp-content\/uploads\/2025\/08\/photo_2025-08-09_21-54-44-4.jpg 960w\" sizes=\"auto, (max-width: 768px) 100vw, 768px\" \/><\/figure>\n<\/figure>\n<\/div>\n\n\n\n<div class=\"wp-block-column is-layout-flow wp-block-column-is-layout-flow\" style=\"flex-basis:33.62%\">\n<figure class=\"wp-block-image size-large\"><img loading=\"lazy\" decoding=\"async\" width=\"768\" height=\"1024\" src=\"https:\/\/bthubertus.com\/wp-content\/uploads\/2025\/08\/photo_2025-08-09_21-54-45-768x1024.jpg\" alt=\"\" class=\"wp-image-838\" srcset=\"https:\/\/bthubertus.com\/wp-content\/uploads\/2025\/08\/photo_2025-08-09_21-54-45-768x1024.jpg 768w, https:\/\/bthubertus.com\/wp-content\/uploads\/2025\/08\/photo_2025-08-09_21-54-45-225x300.jpg 225w, https:\/\/bthubertus.com\/wp-content\/uploads\/2025\/08\/photo_2025-08-09_21-54-45.jpg 960w\" sizes=\"auto, (max-width: 768px) 100vw, 768px\" \/><\/figure>\n<\/div>\n<\/div>\n\n\n\n<div class=\"wp-block-columns alignwide has-theme-palette-5-color has-text-color has-link-color wp-elements-115fbbb0457c8cbb11304c64e05d357f is-layout-flex wp-container-core-columns-is-layout-724a882f wp-block-columns-is-layout-flex\">\n<div class=\"wp-block-column is-layout-flow wp-block-column-is-layout-flow\" style=\"flex-basis:69%\">\n<figure class=\"wp-block-image size-large\"><img loading=\"lazy\" decoding=\"async\" width=\"768\" height=\"1024\" src=\"https:\/\/bthubertus.com\/wp-content\/uploads\/2025\/08\/photo_2025-08-09_21-54-44-768x1024.jpg\" alt=\"\" class=\"wp-image-839\" srcset=\"https:\/\/bthubertus.com\/wp-content\/uploads\/2025\/08\/photo_2025-08-09_21-54-44-768x1024.jpg 768w, https:\/\/bthubertus.com\/wp-content\/uploads\/2025\/08\/photo_2025-08-09_21-54-44-225x300.jpg 225w, https:\/\/bthubertus.com\/wp-content\/uploads\/2025\/08\/photo_2025-08-09_21-54-44.jpg 960w\" sizes=\"auto, (max-width: 768px) 100vw, 768px\" \/><\/figure>\n<\/div>\n\n\n\n<div class=\"wp-block-column is-vertically-aligned-top has-theme-palette-8-background-color has-background is-layout-flow wp-block-column-is-layout-flow\" style=\"border-style:none;border-width:0px;border-radius:0px;padding-top:var(--wp--preset--spacing--60);padding-right:0;padding-bottom:var(--wp--preset--spacing--60);padding-left:0;flex-basis:33rem\">\n<div class=\"wp-block-group is-vertical is-layout-flex wp-container-core-group-is-layout-b7faace9 wp-block-group-is-layout-flex\">\n<div style=\"height:0px\" aria-hidden=\"true\" class=\"wp-block-spacer wp-container-content-c2732934\"><\/div>\n\n\n\n<p class=\"has-text-color\" style=\"color:#000000;font-size:22px\"><strong>Aby uzyska\u0107 szczeg\u00f3\u0142owe informacje o ofercie lub dokona\u0107 rezerwacji autokaru, zapraszamy do kontaktu:<\/strong><\/p>\n\n\n\n<p class=\"has-text-color\" style=\"color:#000000;font-size:22px\"><br>\ud83d\udcde <strong>Telefon:<\/strong> +48 605 539 139; 81 534 57 13<br>\ud83d\udce7 <strong>E-mail:<\/strong> <a class=\"\" href=\"mailto:bthubertus@poczta.onet.pl\">bthubertus@poczta.onet.pl<\/a><br><\/p>\n<\/div>\n<\/div>\n<\/div>\n<\/div>\n<\/div>\n","protected":false},"excerpt":{"rendered":"<p>Wynajem autokar\u00f3w, bus\u00f3w Oferujemy wynajem komfortowych autokar\u00f3w o pojemno\u015bci do 70 miejsc, idealnych na wycieczki szkolne, wyjazdy firmowe, pielgrzymki, imprezy okoliczno\u015bciowe czy przewozy turystyczne. Nasze pojazdy s\u0105 nowoczesne, bezpieczne i wyposa\u017cone w klimatyzacj\u0119, wygodne fotele oraz dodatkowe udogodnienia, kt\u00f3re zapewniaj\u0105 komfort podr\u00f3\u017cy nawet na d\u0142ugich trasach. Dbamy o terminowo\u015b\u0107 i najwy\u017csz\u0105 jako\u015b\u0107 obs\u0142ugi, aby ka\u017cda&#8230;<\/p>\n","protected":false},"author":123463,"featured_media":0,"parent":0,"menu_order":0,"comment_status":"closed","ping_status":"closed","template":"","meta":{"_kad_post_transparent":"","_kad_post_title":"default","_kad_post_layout":"default","_kad_post_sidebar_id":"","_kad_post_content_style":"","_kad_post_vertical_padding":"","_kad_post_feature":"","_kad_post_feature_position":"","_kad_post_header":false,"_kad_post_footer":false,"footnotes":""},"class_list":["post-760","page","type-page","status-publish","hentry"],"aioseo_notices":[],"_links":{"self":[{"href":"https:\/\/bthubertus.com\/index.php\/wp-json\/wp\/v2\/pages\/760","targetHints":{"allow":["GET"]}}],"collection":[{"href":"https:\/\/bthubertus.com\/index.php\/wp-json\/wp\/v2\/pages"}],"about":[{"href":"https:\/\/bthubertus.com\/index.php\/wp-json\/wp\/v2\/types\/page"}],"author":[{"embeddable":true,"href":"https:\/\/bthubertus.com\/index.php\/wp-json\/wp\/v2\/users\/123463"}],"replies":[{"embeddable":true,"href":"https:\/\/bthubertus.com\/index.php\/wp-json\/wp\/v2\/comments?post=760"}],"version-history":[{"count":9,"href":"https:\/\/bthubertus.com\/index.php\/wp-json\/wp\/v2\/pages\/760\/revisions"}],"predecessor-version":[{"id":849,"href":"https:\/\/bthubertus.com\/index.php\/wp-json\/wp\/v2\/pages\/760\/revisions\/849"}],"wp:attachment":[{"href":"https:\/\/bthubertus.com\/index.php\/wp-json\/wp\/v2\/media?parent=760"}],"curies":[{"name":"wp","href":"https:\/\/api.w.org\/{rel}","templated":true}]}}